{"id":264,"date":"2020-06-09T17:14:34","date_gmt":"2020-06-09T17:14:34","guid":{"rendered":"https:\/\/www.enclavedeti.es\/?page_id=264"},"modified":"2020-06-09T17:16:01","modified_gmt":"2020-06-09T17:16:01","slug":"contacto","status":"publish","type":"page","link":"https:\/\/www.enclavedeti.es\/index.php\/contacto\/","title":{"rendered":"Contacto"},"content":{"rendered":"\n<p>Tel\u00e9fonos<\/p>\n\n\n\n<p>Carolina: +34 675 13 32 32<\/p>\n\n\n\n<p>Estela: +34 637 34 27 24<\/p>\n\n\n\n<p>Direcci\u00f3n Email: enclavedeti2018@gmail.com<\/p>\n\n\n\n<p>S\u00edguenos en Facebook:<\/p>\n\n\n\n<ul class=\"wp-container-1 wp-block-social-links\">\n\n<li class=\"wp-social-link wp-social-link-facebook wp-block-social-link\"><a href=\"http:\/\/aaaaa\"  class=\"wp-block-social-link-anchor\"><svg width=\"24\" height=\"24\" viewBox=\"0 0 24 24\" version=\"1.1\" xmlns=\"http:\/\/www.w3.org\/2000\/svg\" aria-hidden=\"true\" focusable=\"false\"><path d=\"M12 2C6.5 2 2 6.5 2 12c0 5 3.7 9.1 8.4 9.9v-7H7.9V12h2.5V9.8c0-2.5 1.5-3.9 3.8-3.9 1.1 0 2.2.2 2.2.2v2.5h-1.3c-1.2 0-1.6.8-1.6 1.6V12h2.8l-.4 2.9h-2.3v7C18.3 21.1 22 17 22 12c0-5.5-4.5-10-10-10z\"><\/path><\/svg><span class=\"wp-block-social-link-label screen-reader-text\">Facebook<\/span><\/a><\/li><\/ul>\n\n\n\n<figure><iframe loading=\"lazy\" src=\"https:\/\/www.google.com\/maps\/embed?pb=!1m18!1m12!1m3!1d6222.121745190783!2d-3.383969751832952!3d38.76230780970344!2m3!1f0!2f0!3f0!3m2!1i1024!2i768!4f13.1!3m3!1m2!1s0x0%3A0x142880b599369320!2sEn%20clave%20de%20ti%20SC!5e0!3m2!1ses!2ses!4v1591722934941!5m2!1ses!2ses\" width=\"600\" height=\"450\" allowfullscreen=\"\"><\/iframe><\/figure>\n","protected":false},"excerpt":{"rendered":"<p>Tel\u00e9fonos Carolina: +34 675 13 32 32 Estela: +34 637 34 27 24 Direcci\u00f3n Email: enclavedeti2018@gmail.com S\u00edguenos en Facebook:<\/p>\n","protected":false},"author":1,"featured_media":0,"parent":0,"menu_order":0,"comment_status":"closed","ping_status":"closed","template":"","meta":[],"yoast_head":"<!-- This site is optimized with the Yoast SEO plugin v19.0 - https:\/\/yoast.com\/wordpress\/plugins\/seo\/ -->\n<title>Contacto - En Clave de Ti<\/title>\n<meta name=\"robots\" content=\"index, follow, max-snippet:-1, max-image-preview:large, max-video-preview:-1\" \/>\n<link rel=\"canonical\" href=\"https:\/\/www.enclavedeti.es\/index.php\/contacto\/\" \/>\n<meta property=\"og:locale\" content=\"es_ES\" \/>\n<meta property=\"og:type\" content=\"article\" \/>\n<meta property=\"og:title\" content=\"Contacto - En Clave de Ti\" \/>\n<meta property=\"og:description\" content=\"Tel\u00e9fonos Carolina: +34 675 13 32 32 Estela: +34 637 34 27 24 Direcci\u00f3n Email: enclavedeti2018@gmail.com S\u00edguenos en Facebook:\" \/>\n<meta property=\"og:url\" content=\"https:\/\/www.enclavedeti.es\/index.php\/contacto\/\" \/>\n<meta property=\"og:site_name\" content=\"En Clave de Ti\" \/>\n<meta property=\"article:modified_time\" content=\"2020-06-09T17:16:01+00:00\" \/>\n<meta name=\"twitter:card\" content=\"summary_large_image\" \/>\n<script type=\"application\/ld+json\" class=\"yoast-schema-graph\">{\"@context\":\"https:\/\/schema.org\",\"@graph\":[{\"@type\":\"WebSite\",\"@id\":\"https:\/\/www.enclavedeti.es\/#website\",\"url\":\"https:\/\/www.enclavedeti.es\/\",\"name\":\"En Clave de Ti\",\"description\":\"Centro de Formaci&oacute;n Musical y Musicoterapia\",\"potentialAction\":[{\"@type\":\"SearchAction\",\"target\":{\"@type\":\"EntryPoint\",\"urlTemplate\":\"https:\/\/www.enclavedeti.es\/?s={search_term_string}\"},\"query-input\":\"required name=search_term_string\"}],\"inLanguage\":\"es\"},{\"@type\":\"WebPage\",\"@id\":\"https:\/\/www.enclavedeti.es\/index.php\/contacto\/#webpage\",\"url\":\"https:\/\/www.enclavedeti.es\/index.php\/contacto\/\",\"name\":\"Contacto - En Clave de Ti\",\"isPartOf\":{\"@id\":\"https:\/\/www.enclavedeti.es\/#website\"},\"datePublished\":\"2020-06-09T17:14:34+00:00\",\"dateModified\":\"2020-06-09T17:16:01+00:00\",\"breadcrumb\":{\"@id\":\"https:\/\/www.enclavedeti.es\/index.php\/contacto\/#breadcrumb\"},\"inLanguage\":\"es\",\"potentialAction\":[{\"@type\":\"ReadAction\",\"target\":[\"https:\/\/www.enclavedeti.es\/index.php\/contacto\/\"]}]},{\"@type\":\"BreadcrumbList\",\"@id\":\"https:\/\/www.enclavedeti.es\/index.php\/contacto\/#breadcrumb\",\"itemListElement\":[{\"@type\":\"ListItem\",\"position\":1,\"name\":\"Portada\",\"item\":\"https:\/\/www.enclavedeti.es\/\"},{\"@type\":\"ListItem\",\"position\":2,\"name\":\"Contacto\"}]}]}<\/script>\n<!-- \/ Yoast SEO plugin. -->","yoast_head_json":{"title":"Contacto - En Clave de Ti","robots":{"index":"index","follow":"follow","max-snippet":"max-snippet:-1","max-image-preview":"max-image-preview:large","max-video-preview":"max-video-preview:-1"},"canonical":"https:\/\/www.enclavedeti.es\/index.php\/contacto\/","og_locale":"es_ES","og_type":"article","og_title":"Contacto - En Clave de Ti","og_description":"Tel\u00e9fonos Carolina: +34 675 13 32 32 Estela: +34 637 34 27 24 Direcci\u00f3n Email: enclavedeti2018@gmail.com S\u00edguenos en Facebook:","og_url":"https:\/\/www.enclavedeti.es\/index.php\/contacto\/","og_site_name":"En Clave de Ti","article_modified_time":"2020-06-09T17:16:01+00:00","twitter_card":"summary_large_image","schema":{"@context":"https:\/\/schema.org","@graph":[{"@type":"WebSite","@id":"https:\/\/www.enclavedeti.es\/#website","url":"https:\/\/www.enclavedeti.es\/","name":"En Clave de Ti","description":"Centro de Formaci&oacute;n Musical y Musicoterapia","potentialAction":[{"@type":"SearchAction","target":{"@type":"EntryPoint","urlTemplate":"https:\/\/www.enclavedeti.es\/?s={search_term_string}"},"query-input":"required name=search_term_string"}],"inLanguage":"es"},{"@type":"WebPage","@id":"https:\/\/www.enclavedeti.es\/index.php\/contacto\/#webpage","url":"https:\/\/www.enclavedeti.es\/index.php\/contacto\/","name":"Contacto - En Clave de Ti","isPartOf":{"@id":"https:\/\/www.enclavedeti.es\/#website"},"datePublished":"2020-06-09T17:14:34+00:00","dateModified":"2020-06-09T17:16:01+00:00","breadcrumb":{"@id":"https:\/\/www.enclavedeti.es\/index.php\/contacto\/#breadcrumb"},"inLanguage":"es","potentialAction":[{"@type":"ReadAction","target":["https:\/\/www.enclavedeti.es\/index.php\/contacto\/"]}]},{"@type":"BreadcrumbList","@id":"https:\/\/www.enclavedeti.es\/index.php\/contacto\/#breadcrumb","itemListElement":[{"@type":"ListItem","position":1,"name":"Portada","item":"https:\/\/www.enclavedeti.es\/"},{"@type":"ListItem","position":2,"name":"Contacto"}]}]}},"_links":{"self":[{"href":"https:\/\/www.enclavedeti.es\/index.php\/wp-json\/wp\/v2\/pages\/264"}],"collection":[{"href":"https:\/\/www.enclavedeti.es\/index.php\/wp-json\/wp\/v2\/pages"}],"about":[{"href":"https:\/\/www.enclavedeti.es\/index.php\/wp-json\/wp\/v2\/types\/page"}],"author":[{"embeddable":true,"href":"https:\/\/www.enclavedeti.es\/index.php\/wp-json\/wp\/v2\/users\/1"}],"replies":[{"embeddable":true,"href":"https:\/\/www.enclavedeti.es\/index.php\/wp-json\/wp\/v2\/comments?post=264"}],"version-history":[{"count":2,"href":"https:\/\/www.enclavedeti.es\/index.php\/wp-json\/wp\/v2\/pages\/264\/revisions"}],"predecessor-version":[{"id":266,"href":"https:\/\/www.enclavedeti.es\/index.php\/wp-json\/wp\/v2\/pages\/264\/revisions\/266"}],"wp:attachment":[{"href":"https:\/\/www.enclavedeti.es\/index.php\/wp-json\/wp\/v2\/media?parent=264"}],"curies":[{"name":"wp","href":"https:\/\/api.w.org\/{rel}","templated":true}]}}