{"id":466,"date":"2024-06-30T18:29:50","date_gmt":"2024-06-30T18:29:50","guid":{"rendered":"https:\/\/www.enclavedeti.es\/?page_id=466"},"modified":"2025-06-30T16:55:33","modified_gmt":"2025-06-30T16:55:33","slug":"antes-de-rellenar-su-matricula","status":"publish","type":"page","link":"https:\/\/www.enclavedeti.es\/index.php\/antes-de-rellenar-su-matricula\/","title":{"rendered":"Antes de rellenar su matr\u00edcula&#8230;"},"content":{"rendered":"\n<p class=\"has-text-align-center has-large-font-size\" style=\"font-style:normal;font-weight:400\">Instrucciones para rellenar tu matr\u00edcula correctamente<\/p>\n\n\n\n<p>Esta matr\u00edcula consta de tres p\u00e1ginas<\/p>\n\n\n\n<ol><li>En la primera p\u00e1gina rellene todos los datos personales.<br>Si no sabe qu\u00e9 asignaturas marcar, utiliza los datos de contacto de la p\u00e1gina principal o de la p\u00e1gina de contacto de esta web.<br>*Nueva Forma de pago mensualidades: Si eres antiguo alumno y quieres mantener tu domiciliaci\u00f3n con la misma cuenta del a\u00f1o pasado, selecciona \u00abConservar Domiciliaci\u00f3n\u00bb. Si es tu primer a\u00f1o con nosotros o quieres cambiar tu forma de pago a domiciliaci\u00f3n, seleccione \u00abDomiciliaci\u00f3n Nueva\u00bb  \u00a1Y  no te olvides de rellena las casillas y a\u00f1adir los datos de la persona titular de la cuenta!.<\/li><li>Firma de Protecci\u00f3n de datos, Consentimiento de im\u00e1genes y Normas.<br>Los checks que marcas en estas casillas son como si firmaras y son vinculantes.<br>En En clave de ti nos preocupa mucha la seguridad de nuestros alumnos y trabajadores por eso cumplimos con todas las normas de protecci\u00f3n de datos e im\u00e1genes para un correcto tratamiento.<br>Lea atentamente las normas para un correcto funcionamiento de la escuela.<\/li><li>Pago de la matr\u00edcula.<br>Al realizar la transferencia de la matr\u00edcula puedes enviarnos el justificante: adjuntando el documento cuando se le solicite en el proceso de matriculaci\u00f3n al que va a acceder o si le es m\u00e1s sencillo por WhatsApp.<br><\/li><\/ol>\n\n\n\n<p>Para finalizar, <strong>este pr\u00f3ximo curso 2025-2026 comenzaremos las clases en Octubre<\/strong>. Durante el mes de Septiembre nos pondremos en contacto con vosotros para pediros toda la informaci\u00f3n en relaci\u00f3n a vuestras extraescolares y configurar nuestro horario. Como siempre intentaremos daros el mejor horario que m\u00e1s se adapte a vuestras necesidades, dedicando todo el tiempo y el esfuerzo que sea necesario.<\/p>\n\n\n\n<div class=\"wp-container-1 wp-block-buttons\">\n<div class=\"wp-block-button\"><a class=\"wp-block-button__link\" href=\"https:\/\/www.enclavedeti.es\/index.php\/matricula-2023-204\/\" rel=\"\">Comenzar Matr\u00edcula<\/a><\/div>\n<\/div>\n","protected":false},"excerpt":{"rendered":"<p>Instrucciones para rellenar tu matr\u00edcula correctamente Esta matr\u00edcula consta de tres p\u00e1ginas En la primera p\u00e1gina rellene todos los datos personales.Si no sabe qu\u00e9 asignaturas marcar, utiliza los datos de contacto de la p\u00e1gina principal o de la p\u00e1gina de contacto de esta web.*Nueva Forma de pago mensualidades: Si eres antiguo alumno y quieres mantener [&hellip;]<\/p>\n","protected":false},"author":1,"featured_media":0,"parent":0,"menu_order":0,"comment_status":"closed","ping_status":"closed","template":"","meta":[],"yoast_head":"<!-- This site is optimized with the Yoast SEO plugin v19.0 - https:\/\/yoast.com\/wordpress\/plugins\/seo\/ -->\n<title>Antes de rellenar su matr\u00edcula... - En Clave de Ti<\/title>\n<meta name=\"robots\" content=\"index, follow, max-snippet:-1, max-image-preview:large, max-video-preview:-1\" \/>\n<link rel=\"canonical\" href=\"https:\/\/www.enclavedeti.es\/index.php\/antes-de-rellenar-su-matricula\/\" \/>\n<meta property=\"og:locale\" content=\"es_ES\" \/>\n<meta property=\"og:type\" content=\"article\" \/>\n<meta property=\"og:title\" content=\"Antes de rellenar su matr\u00edcula... - En Clave de Ti\" \/>\n<meta property=\"og:description\" content=\"Instrucciones para rellenar tu matr\u00edcula correctamente Esta matr\u00edcula consta de tres p\u00e1ginas En la primera p\u00e1gina rellene todos los datos personales.Si no sabe qu\u00e9 asignaturas marcar, utiliza los datos de contacto de la p\u00e1gina principal o de la p\u00e1gina de contacto de esta web.*Nueva Forma de pago mensualidades: Si eres antiguo alumno y quieres mantener [&hellip;]\" \/>\n<meta property=\"og:url\" content=\"https:\/\/www.enclavedeti.es\/index.php\/antes-de-rellenar-su-matricula\/\" \/>\n<meta property=\"og:site_name\" content=\"En Clave de Ti\" \/>\n<meta property=\"article:modified_time\" content=\"2025-06-30T16:55:33+00:00\" \/>\n<meta name=\"twitter:card\" content=\"summary_large_image\" \/>\n<meta name=\"twitter:label1\" content=\"Tiempo de lectura\" \/>\n\t<meta name=\"twitter:data1\" content=\"2 minutos\" \/>\n<script type=\"application\/ld+json\" class=\"yoast-schema-graph\">{\"@context\":\"https:\/\/schema.org\",\"@graph\":[{\"@type\":\"WebSite\",\"@id\":\"https:\/\/www.enclavedeti.es\/#website\",\"url\":\"https:\/\/www.enclavedeti.es\/\",\"name\":\"En Clave de Ti\",\"description\":\"Centro de Formaci&oacute;n Musical y Musicoterapia\",\"potentialAction\":[{\"@type\":\"SearchAction\",\"target\":{\"@type\":\"EntryPoint\",\"urlTemplate\":\"https:\/\/www.enclavedeti.es\/?s={search_term_string}\"},\"query-input\":\"required name=search_term_string\"}],\"inLanguage\":\"es\"},{\"@type\":\"WebPage\",\"@id\":\"https:\/\/www.enclavedeti.es\/index.php\/antes-de-rellenar-su-matricula\/#webpage\",\"url\":\"https:\/\/www.enclavedeti.es\/index.php\/antes-de-rellenar-su-matricula\/\",\"name\":\"Antes de rellenar su matr\u00edcula... - En Clave de Ti\",\"isPartOf\":{\"@id\":\"https:\/\/www.enclavedeti.es\/#website\"},\"datePublished\":\"2024-06-30T18:29:50+00:00\",\"dateModified\":\"2025-06-30T16:55:33+00:00\",\"breadcrumb\":{\"@id\":\"https:\/\/www.enclavedeti.es\/index.php\/antes-de-rellenar-su-matricula\/#breadcrumb\"},\"inLanguage\":\"es\",\"potentialAction\":[{\"@type\":\"ReadAction\",\"target\":[\"https:\/\/www.enclavedeti.es\/index.php\/antes-de-rellenar-su-matricula\/\"]}]},{\"@type\":\"BreadcrumbList\",\"@id\":\"https:\/\/www.enclavedeti.es\/index.php\/antes-de-rellenar-su-matricula\/#breadcrumb\",\"itemListElement\":[{\"@type\":\"ListItem\",\"position\":1,\"name\":\"Portada\",\"item\":\"https:\/\/www.enclavedeti.es\/\"},{\"@type\":\"ListItem\",\"position\":2,\"name\":\"Antes de rellenar su matr\u00edcula&#8230;\"}]}]}<\/script>\n<!-- \/ Yoast SEO plugin. -->","yoast_head_json":{"title":"Antes de rellenar su matr\u00edcula... - En Clave de Ti","robots":{"index":"index","follow":"follow","max-snippet":"max-snippet:-1","max-image-preview":"max-image-preview:large","max-video-preview":"max-video-preview:-1"},"canonical":"https:\/\/www.enclavedeti.es\/index.php\/antes-de-rellenar-su-matricula\/","og_locale":"es_ES","og_type":"article","og_title":"Antes de rellenar su matr\u00edcula... - En Clave de Ti","og_description":"Instrucciones para rellenar tu matr\u00edcula correctamente Esta matr\u00edcula consta de tres p\u00e1ginas En la primera p\u00e1gina rellene todos los datos personales.Si no sabe qu\u00e9 asignaturas marcar, utiliza los datos de contacto de la p\u00e1gina principal o de la p\u00e1gina de contacto de esta web.*Nueva Forma de pago mensualidades: Si eres antiguo alumno y quieres mantener [&hellip;]","og_url":"https:\/\/www.enclavedeti.es\/index.php\/antes-de-rellenar-su-matricula\/","og_site_name":"En Clave de Ti","article_modified_time":"2025-06-30T16:55:33+00:00","twitter_card":"summary_large_image","twitter_misc":{"Tiempo de lectura":"2 minutos"},"schema":{"@context":"https:\/\/schema.org","@graph":[{"@type":"WebSite","@id":"https:\/\/www.enclavedeti.es\/#website","url":"https:\/\/www.enclavedeti.es\/","name":"En Clave de Ti","description":"Centro de Formaci&oacute;n Musical y Musicoterapia","potentialAction":[{"@type":"SearchAction","target":{"@type":"EntryPoint","urlTemplate":"https:\/\/www.enclavedeti.es\/?s={search_term_string}"},"query-input":"required name=search_term_string"}],"inLanguage":"es"},{"@type":"WebPage","@id":"https:\/\/www.enclavedeti.es\/index.php\/antes-de-rellenar-su-matricula\/#webpage","url":"https:\/\/www.enclavedeti.es\/index.php\/antes-de-rellenar-su-matricula\/","name":"Antes de rellenar su matr\u00edcula... - En Clave de Ti","isPartOf":{"@id":"https:\/\/www.enclavedeti.es\/#website"},"datePublished":"2024-06-30T18:29:50+00:00","dateModified":"2025-06-30T16:55:33+00:00","breadcrumb":{"@id":"https:\/\/www.enclavedeti.es\/index.php\/antes-de-rellenar-su-matricula\/#breadcrumb"},"inLanguage":"es","potentialAction":[{"@type":"ReadAction","target":["https:\/\/www.enclavedeti.es\/index.php\/antes-de-rellenar-su-matricula\/"]}]},{"@type":"BreadcrumbList","@id":"https:\/\/www.enclavedeti.es\/index.php\/antes-de-rellenar-su-matricula\/#breadcrumb","itemListElement":[{"@type":"ListItem","position":1,"name":"Portada","item":"https:\/\/www.enclavedeti.es\/"},{"@type":"ListItem","position":2,"name":"Antes de rellenar su matr\u00edcula&#8230;"}]}]}},"_links":{"self":[{"href":"https:\/\/www.enclavedeti.es\/index.php\/wp-json\/wp\/v2\/pages\/466"}],"collection":[{"href":"https:\/\/www.enclavedeti.es\/index.php\/wp-json\/wp\/v2\/pages"}],"about":[{"href":"https:\/\/www.enclavedeti.es\/index.php\/wp-json\/wp\/v2\/types\/page"}],"author":[{"embeddable":true,"href":"https:\/\/www.enclavedeti.es\/index.php\/wp-json\/wp\/v2\/users\/1"}],"replies":[{"embeddable":true,"href":"https:\/\/www.enclavedeti.es\/index.php\/wp-json\/wp\/v2\/comments?post=466"}],"version-history":[{"count":5,"href":"https:\/\/www.enclavedeti.es\/index.php\/wp-json\/wp\/v2\/pages\/466\/revisions"}],"predecessor-version":[{"id":492,"href":"https:\/\/www.enclavedeti.es\/index.php\/wp-json\/wp\/v2\/pages\/466\/revisions\/492"}],"wp:attachment":[{"href":"https:\/\/www.enclavedeti.es\/index.php\/wp-json\/wp\/v2\/media?parent=466"}],"curies":[{"name":"wp","href":"https:\/\/api.w.org\/{rel}","templated":true}]}}